{"id":2,"date":"2022-05-31T09:35:24","date_gmt":"2022-05-31T09:35:24","guid":{"rendered":"https:\/\/tv.paythunder.com\/?page_id=2"},"modified":"2022-07-18T08:35:04","modified_gmt":"2022-07-18T08:35:04","slug":"pagina-ejemplo","status":"publish","type":"page","link":"https:\/\/tv.paythunder.com\/","title":{"rendered":"Inicio"},"content":{"rendered":"<div  data-label=\"caracteristicas\" data-id=\"content--2\" data-export-id=\"content-9\" data-category=\"content\" class=\"content-9 content-section content-section-spacing content-relative\" id=\"caracteristicas\" style=\"background-color: rgb(249, 249, 249); background-image: none;\"><div  class=\"gridContainer\"> <div  class=\"row text-center\"><div  class=\"section-title-col\" data-type=\"column\"> <h2  class=\"\">Configura y publica<\/h2> <p  class=\"lead\">Conoce el estado de una pantalla remota en cualquier momento y actualiza el contenido que se muestra en tiempo real. Facilitamos las tareas de supervisi\u00f3n y control de todo el sistema. PayThunder TV ofrece distintas posibilidades de configuraci\u00f3n de pantallas y dispositivos. Nos adaptamos a tus necesidades.<\/p><\/div> <\/div> <div  class=\"row space-bottom text-center\" data-type=\"row\"> <div  class=\"col-sm-4 col-padding-small col-md-3\">  <img decoding=\"async\"  class=\"custom-image\" src=\"https:\/\/tv.paythunder.com\/wp-content\/uploads\/2022\/06\/03.png\" title=\"03\" alt=\"\"><h4  class=\"\">Bajo coste<\/h4> <p  class=\"\">T\u00fa eliges cu\u00e1nto quieres gastar. Llega a potenciales clientes a un coste m\u00ednimo.<\/p><\/div> <div  class=\"col-sm-4 col-padding-small col-md-3\"> <img decoding=\"async\"  class=\"custom-image\" src=\"https:\/\/tv.paythunder.com\/wp-content\/uploads\/2022\/06\/02.png\" title=\"02\" alt=\"\"><h4  class=\"\">Ahorra tiempo<\/h4> <p  class=\"\">La creaci\u00f3n y actualizaci\u00f3n de contenidos se simplifica.<\/p><\/div> <div  class=\"col-sm-4 col-padding-small col-md-3\"> <img decoding=\"async\"  class=\"custom-image\" src=\"https:\/\/tv.paythunder.com\/wp-content\/uploads\/2022\/06\/01.png\" title=\"01\" alt=\"\"><h4  class=\"\">Como quieras<\/h4> <p  class=\"\">Crea, modifica y publica tus anuncios desde cualquier lugar y a cualquier hora.<\/p><\/div> <div  class=\"col-sm-4 col-padding-small col-md-3\">  <img decoding=\"async\"  class=\"custom-image\" src=\"https:\/\/tv.paythunder.com\/wp-content\/uploads\/2022\/06\/04.png\" title=\"04\" alt=\"\"><h4  class=\"\">Visibilidad<\/h4> <p  class=\"\">Llega a tu p\u00fablico objetivo en su tiempo de ocio.<\/p><\/div><\/div> <div  class=\"row center-xs middle-xs\"> <div  class=\"col-sm-12\" data-type=\"column\">  <\/div><\/div> <\/div><div  class=\"section-separator-bottom\">\n    <svg  class=\"section-separator-bottom\" data-separator-name=\"triangle-asymmetrical-negative\" preserveAspectRatio=\"none\" viewBox=\"0 0 1000 100\" xmlns=\"http:\/\/www.w3.org\/2000\/svg\">\n        <path  class=\"svg-white-bg\" d=\"M737.9,94.7L0,0v100h1000V0L737.9,94.7z\"><\/path>\n    <\/svg>\n<\/div><\/div><div  data-label=\"Content\" data-id=\"content--3\" data-export-id=\"content-9\" data-category=\"content\" class=\"content-9 content-section content-section-spacing\" id=\"content-1\" style=\"background-color: rgb(255, 255, 255); background-image: none;\"><div  class=\"gridContainer\"> <div  class=\"row text-center\"><div  class=\"section-title-col\" data-type=\"column\"> <h2  class=\"\">Marketing digital<\/h2> <p  class=\"lead\">Crea tus contenidos de manera intuitiva y sencilla. Elige las pantallas y desarrolla tus anuncios: utilizando recursos propios, plantillas predefinidas o solicitando un dise\u00f1o personalizado. A\u00f1ade elementos din\u00e1micos y entretenidos a la presentaci\u00f3n y modif\u00edcalos a tu gusto. Combina im\u00e1genes, v\u00eddeos, sitios web\u2026<\/p><\/div> <\/div> <div  class=\"row space-bottom text-center\" data-type=\"row\"> <div  class=\"col-sm-4 col-padding-small col-md-3\"> <i  class=\"fa icon fa-search bordered round color9\"><\/i>  <p  class=\"\">Previsualiza el contenido de tus presentaciones antes de mostrarlas.<\/p><\/div> <div  class=\"col-sm-4 col-padding-small col-md-3\"><i  class=\"fa icon fa-calendar bordered round color10\"><\/i>  <p  class=\"\">Elige cuando quieres mostrar una presentaci\u00f3n.<\/p><\/div> <div  class=\"col-sm-4 col-padding-small col-md-3\"><i  class=\"fa icon fa-tag bordered round color11\"><\/i>  <p  class=\"\">Categoriza tu biblioteca mediante etiquetas.<\/p><\/div> <div  class=\"col-sm-4 col-padding-small col-md-3\"> <i  class=\"fa icon fa-image bordered round color6\"><\/i>  <p  class=\"\">Utiliza recursos gr\u00e1ficos de calidad facilitados por PayThunder TV.<\/p><\/div><\/div> <div  class=\"row center-xs middle-xs\"> <div  class=\"col-sm-12\" data-type=\"column\">  <\/div><\/div> <\/div><\/div><div  data-label=\"Que hacer\" data-id=\"features--2\" data-export-id=\"features-16\" data-category=\"features\" class=\"features-16 content-section content-section-spacing\" id=\"que-hacer\" style=\"background-color: rgb(255, 255, 255); background-image: none;\"><div  class=\"gridContainer\"> <div  class=\"row text-center\"><div  class=\"section-title-col\" data-type=\"column\"> <h2  class=\"\">\u00bfQu\u00e9 puedo hacer con TV?<\/h2> <p  class=\"lead\">Nuestros dispositivos ofrecen al cliente la posibilidad de mostrar diferente contenido en la pantalla. Este contenido puede modificarse cuando quiera y desde donde quiera.<\/p><\/div> <\/div> <div  class=\"row spaced-cols center-sm\" data-type=\"row\"> <div  class=\"col-xs-12 col-sm-6 col-md-4 space-bottom\"> <img decoding=\"async\"  class=\"face\" src=\"https:\/\/tv.paythunder.com\/wp-content\/uploads\/2022\/06\/burger.jpg\" title=\"burger\" alt=\"\"> <div  data-type=\"column\" class=\"col-padding-small col-padding-small-xs description-container\"> <h4  class=\"font-500\"><span  style=\"font-weight: 700;\">Carteler\u00eda Digital<\/span><\/h4> <p  class=\"\">Desde cualquier lado, desde cualquier dispositivo. Elige el contenido que se mostrar\u00e1 en la pantalla desde la administraci\u00f3n de PayThunder TV.<\/p> <\/div> <\/div> <div  class=\"col-xs-12 col-sm-6 col-md-4 space-bottom\"> <img decoding=\"async\"  class=\"face\" src=\"https:\/\/tv.paythunder.com\/wp-content\/uploads\/2022\/06\/visor.jpg\" title=\"visor\" alt=\"\"> <div  data-type=\"column\" class=\"col-padding-small col-padding-small-xs description-container\"> <h4  class=\"font-500\"><span  style=\"font-weight: 700;\">Visor web<\/span><\/h4> <p  class=\"\">Con esta opci\u00f3n ser\u00e1 posible mostrar una web en la pantalla del dispositivo. Desde mostrar un mapa, el men\u00fa de un restaurante o una tienda online.<\/p> <\/div> <\/div> <div  class=\"col-xs-12 col-sm-6 col-md-4 space-bottom\"> <img decoding=\"async\"  class=\"face\" src=\"https:\/\/tv.paythunder.com\/wp-content\/uploads\/2022\/06\/assist.jpg\" title=\"assist\" alt=\"\"> <div  data-type=\"column\" class=\"col-padding-small col-padding-small-xs description-container\"> <h4  class=\"font-500\"><b >Encuestas<\/b><\/h4> <p  class=\"\">Ofrece a tus clientes un punto de asistencia desde el que podr\u00e1n solicitar ayuda o realizar formularios de satisfacci\u00f3n, reclamaciones o pedidos.<\/p> <\/div> <\/div><\/div> <\/div><\/div><div  data-label=\"Content\" data-id=\"content--4\" data-export-id=\"content-10\" data-category=\"content\" class=\"content-10 content-section content-section-spacing content-relative\" id=\"content-2\" style=\"background-color: rgb(245, 250, 253);\"><div  class=\"section-separator-top\">\n    <svg  class=\"section-separator-top\" data-separator-name=\"triangle-asymmetrical-negative\" preserveAspectRatio=\"none\" viewBox=\"0 0 1000 100\" xmlns=\"http:\/\/www.w3.org\/2000\/svg\">\n        <path  class=\"svg-white-bg\" d=\"M737.9,94.7L0,0v100h1000V0L737.9,94.7z\"><\/path>\n    <\/svg>\n<\/div><div  class=\"gridContainer\"> <div  class=\"row middle-sm\"><div  class=\"col-sm-6 center-xs middle-xs space-bottom-xs\"> <div  class=\"lightbox-video lightbox-video-tall dark-overlay shadow-large flexbox middle-xs center-xs\" data-type=\"group\" data-bg=\"image\" style=\"background-image: url(&quot;https:\/\/tv.paythunder.com\/wp-content\/uploads\/2022\/06\/Screenshot_1.png&quot;);\"> <a  data-fancybox=\"\" data-video-lightbox=\"true\" href=\"https:\/\/www.youtube.com\/watch?v=Esruu82zlu8&amp;ab_channel=PayThunder\" class=\"\"> <i  data-cp-fa=\"true\" class=\"fa video-icon fa-play-circle-o color-white\"><\/i><\/a> <\/div><\/div> <div  class=\"col-sm-6 space-bottom-xs\" data-type=\"column\"><h2  class=\"\">PayThunder y la tecnolog\u00eda 5G&nbsp;<\/h2> <p  class=\"\">Conoce un poco m\u00e1s sobre los productos de PayThunder y como estos han mejorado su eficiencia gracias a la tecnolog\u00eda 5G.<\/p> <\/div> <\/div><\/div> <div  class=\"section-separator-bottom\">\n    <svg  class=\"section-separator-bottom\" data-separator-name=\"triangle-asymmetrical-negative\" preserveAspectRatio=\"none\" viewBox=\"0 0 1000 100\" xmlns=\"http:\/\/www.w3.org\/2000\/svg\">\n        <path  class=\"svg-white-bg\" d=\"M737.9,94.7L0,0v100h1000V0L737.9,94.7z\"><\/path>\n    <\/svg>\n<\/div><\/div><div  data-label=\"Como usarlo\" data-id=\"features--3\" data-export-id=\"features-5\" data-category=\"features\" class=\"features-5 content-section-spacing\" id=\"como-usarlo\" style=\"background-color: rgb(255, 255, 255);\"><div  class=\"gridContainer\"> <div  class=\"row text-center\"><div  class=\"section-title-col\" data-type=\"column\"> <h2  class=\"\"><span  style=\"font-weight: 900;\">Sin instalaciones, sin esperas.<\/span><\/h2> <p  class=\"lead\">Comenzar a usar PayThunder TV es as\u00ed de sencillo:<\/p><\/div> <\/div> <div  class=\"row text-center\" data-type=\"row\"> <div  class=\"col-xs-12 col-sm-4 col-md-4 col-padding-small\"> <div  class=\"number-container\"> <div  class=\"link-line left bg-color1\"><\/div> <p  class=\"number border-color1 color1\"><span >1<\/span><\/p> <div  class=\"link-line right bg-color1\"><\/div><\/div> <div  data-type=\"column\" class=\"\"><h5  class=\"\">Solicita TV<\/h5> <p  class=\"text-center\">Puede integrar PayThunder TV en cualquier dispositivo con pantalla que desee, solo tiene que ponerse en contacto con nosotros, solicitar presupuesto y nosotros nos adaptaremos a tus necesidades.<\/p><\/div> <\/div> <div  class=\"col-xs-12 col-sm-4 col-md-4 col-padding-small\"> <div  class=\"number-container\"> <div  class=\"link-line left bg-color1\"><\/div> <p  class=\"number border-color1 color1\"><span >2<\/span><\/p> <div  class=\"link-line right bg-color1\"><\/div><\/div> <div  data-type=\"column\" class=\"\"><h5  class=\"\">Instale el dispositivo<\/h5> <p  class=\"text-center\">Coloque el dispositivo PayThunder TV en las pantallas que desee o instale el Kiosco PayThunder en la zona deseada. Una vez enciendan, autom\u00e1ticamente mostrar\u00e1n el contenido que se agregue al administrador.<\/p><\/div><\/div> <div  class=\"col-xs-12 col-sm-4 col-md-4 col-padding-small\"><div  class=\"number-container\"> <div  class=\"link-line left bg-color1\"><\/div> <p  class=\"number border-color1 color1\"><span >3<\/span><\/p> <div  class=\"link-line right bg-color1\"><\/div><\/div> <div  data-type=\"column\" class=\"\"><h5  class=\"\">Sube contenido<\/h5> <p  class=\"text-center\">Una vez tenga el dispositivo preparado, ingrese con sus credenciales en el administrador y programe sus secuencias para mostrar en el dispositivo que desee. No requiere instalaci\u00f3n de ninguna aplicaci\u00f3n adicional.<\/p><\/div> <\/div><\/div> <\/div><\/div><div  data-label=\"backoffice\" data-id=\"about--1\" data-export-id=\"about-4\" data-category=\"about\" class=\"about-4 content-section content-section-spacing content-relative\" id=\"backoffice\" style=\"background-color: rgb(218, 243, 255); background-image: none;\"><div  class=\"section-separator-top\">\n    <svg  xmlns=\"http:\/\/www.w3.org\/2000\/svg\" viewBox=\"0 0 283.5 27.8\" preserveAspectRatio=\"xMidYMax slice\" data-separator-name=\"clouds\" class=\"section-separator-top\">\n  <path  class=\"svg-white-bg\" d=\"M0 0v6.7c1.9-.8 4.7-1.4 8.5-1 9.5 1.1 11.1 6 11.1 6s2.1-.7 4.3-.2c2.1.5 2.8 2.6 2.8 2.6s.2-.5 1.4-.7c1.2-.2 1.7.2 1.7.2s0-2.1 1.9-2.8c1.9-.7 3.6.7 3.6.7s.7-2.9 3.1-4.1 4.7 0 4.7 0 1.2-.5 2.4 0 1.7 1.4 1.7 1.4h1.4c.7 0 1.2.7 1.2.7s.8-1.8 4-2.2c3.5-.4 5.3 2.4 6.2 4.4.4-.4 1-.7 1.8-.9 2.8-.7 4 .7 4 .7s1.7-5 11.1-6c9.5-1.1 12.3 3.9 12.3 3.9s1.2-4.8 5.7-5.7c4.5-.9 6.8 1.8 6.8 1.8s.6-.6 1.5-.9c.9-.2 1.9-.2 1.9-.2s5.2-6.4 12.6-3.3c7.3 3.1 4.7 9 4.7 9s1.9-.9 4 0 2.8 2.4 2.8 2.4 1.9-1.2 4.5-1.2 4.3 1.2 4.3 1.2.2-1 1.4-1.7 2.1-.7 2.1-.7-.5-3.1 2.1-5.5 5.7-1.4 5.7-1.4 1.5-2.3 4.2-1.1c2.7 1.2 1.7 5.2 1.7 5.2s.3-.1 1.3.5c.5.4.8.8.9 1.1.5-1.4 2.4-5.8 8.4-4 7.1 2.1 3.5 8.9 3.5 8.9s.8-.4 2 0 1.1 1.1 1.1 1.1 1.1-1.1 2.3-1.1 2.1.5 2.1.5 1.9-3.6 6.2-1.2 1.9 6.4 1.9 6.4 2.6-2.4 7.4 0c3.4 1.7 3.9 4.9 3.9 4.9s3.3-6.9 10.4-7.9 11.5 2.6 11.5 2.6.8 0 1.2.2c.4.2.9.9.9.9s4.4-3.1 8.3.2c1.9 1.7 1.5 5 1.5 5s.3-1.1 1.6-1.4c1.3-.3 2.3.2 2.3.2s-.1-1.2.5-1.9 1.9-.9 1.9-.9-4.7-9.3 4.4-13.4c5.6-2.5 9.2.9 9.2.9s5-6.2 15.9-6.2 16.1 8.1 16.1 8.1.7-.2 1.6-.4V0H0z\"><\/path>\n<\/svg>\n<\/div><div  class=\"gridContainer\"> <div  class=\"row middle-sm text-center\"><div  class=\"col-sm-5 space-bottom-xs\" data-type=\"column\"> <h5  class=\"\"><span  style=\"font-weight: 300;\">Tienes todo el control.<\/span><\/h5> <h2  class=\"\"><span  style=\"font-family: &quot;andale mono&quot;, monospace;\">Cuando quieras, \n<\/span><br ><span  style=\"font-family: &quot;andale mono&quot;, monospace;\">donde quieras.<\/span><\/h2> <p  class=\"\" style=\"text-align: left;\"><span  style=\"font-family: arial, helvetica, sans-serif;\">PayThunder TV cuenta con un sistema backoffice que te permite:\n<\/span><br ><span  style=\"font-family: arial, helvetica, sans-serif;\">\n\u2013<span  style=\"font-weight: 600;\">Programar por ti mismo los contenidos<\/span> que quieras mostrar.<\/span><br ><span  style=\"font-family: arial, helvetica, sans-serif;\">\n\u2013<span  style=\"font-weight: 700;\">Mezclar secuencias<\/span> de v\u00eddeo, im\u00e1genes, webs o m\u00fasica.<\/span><br ><span  style=\"font-family: arial, helvetica, sans-serif;\">\n\u2013<span  style=\"font-weight: 700;\">Programar horarios<\/span> en los que se mostrar\u00e1 el contenido.<\/span><br ><span  style=\"font-family: arial, helvetica, sans-serif;\">\n\u2013<span  style=\"font-weight: 700;\">Gestionar el contenido<\/span> de todos los kioscos a la vez o individual.<\/span><br ><span  style=\"font-family: arial, helvetica, sans-serif;\">\n\u2013<span  style=\"font-weight: 700;\">Integrar y gestionar a Genie<\/span>, el holograma interactivo.<\/span><br ><span  style=\"font-family: arial, helvetica, sans-serif;\"><span  style=\"font-weight: 700;\"><span  style=\"font-weight: 400;\">\n\u2013<\/span>Programar encendido y apagado<\/span> de los Kioscos.<\/span><\/p> <\/div> <div  class=\"col-sm-7 flexbox center-xs middle-xs image-group-2-img\"> <img decoding=\"async\"  class=\"img-1 shadow-large\" data-size=\"250x200\" src=\"https:\/\/tv.paythunder.com\/wp-content\/uploads\/2022\/06\/webgestion.jpg\" title=\"webgestion\" alt=\"\"> <img decoding=\"async\"  class=\"img-2 shadow-large\" data-size=\"220x170\" src=\"https:\/\/tv.paythunder.com\/wp-content\/uploads\/2022\/06\/cropped-gestion.jpg\" title=\"cropped-gestion\" alt=\"\"><\/div> <\/div><\/div> <div  class=\"section-separator-bottom\">\n    <svg  xmlns=\"http:\/\/www.w3.org\/2000\/svg\" viewBox=\"0 0 283.5 27.8\" preserveAspectRatio=\"xMidYMax slice\" data-separator-name=\"clouds\" class=\"section-separator-top section-separator-bottom\">\n  <path  class=\"svg-white-bg\" d=\"M0 0v6.7c1.9-.8 4.7-1.4 8.5-1 9.5 1.1 11.1 6 11.1 6s2.1-.7 4.3-.2c2.1.5 2.8 2.6 2.8 2.6s.2-.5 1.4-.7c1.2-.2 1.7.2 1.7.2s0-2.1 1.9-2.8c1.9-.7 3.6.7 3.6.7s.7-2.9 3.1-4.1 4.7 0 4.7 0 1.2-.5 2.4 0 1.7 1.4 1.7 1.4h1.4c.7 0 1.2.7 1.2.7s.8-1.8 4-2.2c3.5-.4 5.3 2.4 6.2 4.4.4-.4 1-.7 1.8-.9 2.8-.7 4 .7 4 .7s1.7-5 11.1-6c9.5-1.1 12.3 3.9 12.3 3.9s1.2-4.8 5.7-5.7c4.5-.9 6.8 1.8 6.8 1.8s.6-.6 1.5-.9c.9-.2 1.9-.2 1.9-.2s5.2-6.4 12.6-3.3c7.3 3.1 4.7 9 4.7 9s1.9-.9 4 0 2.8 2.4 2.8 2.4 1.9-1.2 4.5-1.2 4.3 1.2 4.3 1.2.2-1 1.4-1.7 2.1-.7 2.1-.7-.5-3.1 2.1-5.5 5.7-1.4 5.7-1.4 1.5-2.3 4.2-1.1c2.7 1.2 1.7 5.2 1.7 5.2s.3-.1 1.3.5c.5.4.8.8.9 1.1.5-1.4 2.4-5.8 8.4-4 7.1 2.1 3.5 8.9 3.5 8.9s.8-.4 2 0 1.1 1.1 1.1 1.1 1.1-1.1 2.3-1.1 2.1.5 2.1.5 1.9-3.6 6.2-1.2 1.9 6.4 1.9 6.4 2.6-2.4 7.4 0c3.4 1.7 3.9 4.9 3.9 4.9s3.3-6.9 10.4-7.9 11.5 2.6 11.5 2.6.8 0 1.2.2c.4.2.9.9.9.9s4.4-3.1 8.3.2c1.9 1.7 1.5 5 1.5 5s.3-1.1 1.6-1.4c1.3-.3 2.3.2 2.3.2s-.1-1.2.5-1.9 1.9-.9 1.9-.9-4.7-9.3 4.4-13.4c5.6-2.5 9.2.9 9.2.9s5-6.2 15.9-6.2 16.1 8.1 16.1 8.1.7-.2 1.6-.4V0H0z\"><\/path>\n<\/svg>\n<\/div><\/div><div  data-label=\"Genie\" data-id=\"content--1\" data-export-id=\"content-12\" data-category=\"content\" class=\"content-12 content-section content-section-spacing\" id=\"genie\" style=\"background-color: rgb(255, 255, 255);\"><div  class=\"gridContainer\"> <div  class=\"row text-center\"><div  class=\"section-title-col\" data-type=\"column\"> <img decoding=\"async\"  class=\"custom-image\" src=\"https:\/\/tv.paythunder.com\/wp-content\/uploads\/2022\/06\/genie-1.png\" title=\"genie-1\" alt=\"\"><h2  class=\"\">Conecta con Genie*<\/h2> <p  class=\"lead\" style=\"text-align: center;\"><span  style=\"font-weight: 400;\">Genie es el holograma interactivo de PayThunder.<\/span><br ><span  style=\"font-weight: 400;\">\nCuando lo necesites, Genie puede aparecer en pantalla y resolver dudas, actuar como traductor o mostrar cualquier informaci\u00f3n de inter\u00e9s, como por ejemplo un horario, una web para una venta de entradas o hablar sobre una pieza de museo. El avatar de Genie es totalmente personalizable**.\n<\/span><br >\n\ufeff*Requiere paquete PayThunder Genie.\n<br >**Coste del avatar sujeto a dificultad de realizaci\u00f3n.<\/p><a class=\"button color9 square outline\" href=\"https:\/\/genie.paythunder.com\" target=\"_blank\" data-cp-link=\"1\" data-icon=\"\" rel=\"noopener\">M\u00e1s sobre Genie<\/a><\/div> <\/div> <div  class=\"row center-xs middle-xs\"> <div  class=\"col-sm-9\" data-type=\"column\"> <\/div> <\/div><\/div> <\/div>","protected":false},"excerpt":{"rendered":"<p>Configura y publica Conoce el estado de una pantalla remota en cualquier momento y actualiza el contenido que se muestra en tiempo real. Facilitamos las tareas de supervisi\u00f3n y control de todo el sistema. PayThunder TV ofrece distintas posibilidades de configuraci\u00f3n de pantallas y dispositivos. Nos adaptamos a tus necesidades. Bajo coste T\u00fa eliges cu\u00e1nto&hellip; <br \/> <a class=\"read-more\" href=\"https:\/\/tv.paythunder.com\/\">Read more<\/a><\/p>\n","protected":false},"author":1,"featured_media":0,"parent":0,"menu_order":0,"comment_status":"closed","ping_status":"open","template":"pro\/page-templates\/full-width-page.php","meta":{"footnotes":""},"class_list":["post-2","page","type-page","status-publish","hentry"],"yoast_head":"<!-- This site is optimized with the Yoast SEO plugin v19.0 - https:\/\/yoast.com\/wordpress\/plugins\/seo\/ -->\n<title>Inicio - PayThunder TV<\/title>\n<meta name=\"robots\" content=\"index, follow, max-snippet:-1, max-image-preview:large, max-video-preview:-1\" \/>\n<link rel=\"canonical\" href=\"https:\/\/tv.paythunder.com\/\" \/>\n<meta property=\"og:locale\" content=\"es_ES\" \/>\n<meta property=\"og:type\" content=\"article\" \/>\n<meta property=\"og:title\" content=\"Inicio - PayThunder TV\" \/>\n<meta property=\"og:description\" content=\"Configura y publica Conoce el estado de una pantalla remota en cualquier momento y actualiza el contenido que se muestra en tiempo real. Facilitamos las tareas de supervisi\u00f3n y control de todo el sistema. PayThunder TV ofrece distintas posibilidades de configuraci\u00f3n de pantallas y dispositivos. Nos adaptamos a tus necesidades. Bajo coste T\u00fa eliges cu\u00e1nto&hellip; Read more\" \/>\n<meta property=\"og:url\" content=\"https:\/\/tv.paythunder.com\/\" \/>\n<meta property=\"og:site_name\" content=\"PayThunder TV\" \/>\n<meta property=\"article:modified_time\" content=\"2022-07-18T08:35:04+00:00\" \/>\n<meta property=\"og:image\" content=\"https:\/\/tv.paythunder.com\/wp-content\/uploads\/2022\/06\/03.png\" \/>\n<meta name=\"twitter:card\" content=\"summary_large_image\" \/>\n<meta name=\"twitter:label1\" content=\"Tiempo de lectura\" \/>\n\t<meta name=\"twitter:data1\" content=\"3 minutos\" \/>\n<script type=\"application\/ld+json\" class=\"yoast-schema-graph\">{\"@context\":\"https:\/\/schema.org\",\"@graph\":[{\"@type\":\"WebSite\",\"@id\":\"https:\/\/tv.paythunder.com\/#website\",\"url\":\"https:\/\/tv.paythunder.com\/\",\"name\":\"PayThunder TV\",\"description\":\"Carteler\u00eda digital 24\/7\",\"potentialAction\":[{\"@type\":\"SearchAction\",\"target\":{\"@type\":\"EntryPoint\",\"urlTemplate\":\"https:\/\/tv.paythunder.com\/?s={search_term_string}\"},\"query-input\":\"required name=search_term_string\"}],\"inLanguage\":\"es\"},{\"@type\":\"ImageObject\",\"inLanguage\":\"es\",\"@id\":\"https:\/\/tv.paythunder.com\/#primaryimage\",\"url\":\"https:\/\/tv.paythunder.com\/wp-content\/uploads\/2022\/06\/03.png\",\"contentUrl\":\"https:\/\/tv.paythunder.com\/wp-content\/uploads\/2022\/06\/03.png\",\"width\":165,\"height\":143},{\"@type\":\"WebPage\",\"@id\":\"https:\/\/tv.paythunder.com\/#webpage\",\"url\":\"https:\/\/tv.paythunder.com\/\",\"name\":\"Inicio - PayThunder TV\",\"isPartOf\":{\"@id\":\"https:\/\/tv.paythunder.com\/#website\"},\"primaryImageOfPage\":{\"@id\":\"https:\/\/tv.paythunder.com\/#primaryimage\"},\"datePublished\":\"2022-05-31T09:35:24+00:00\",\"dateModified\":\"2022-07-18T08:35:04+00:00\",\"breadcrumb\":{\"@id\":\"https:\/\/tv.paythunder.com\/#breadcrumb\"},\"inLanguage\":\"es\",\"potentialAction\":[{\"@type\":\"ReadAction\",\"target\":[\"https:\/\/tv.paythunder.com\/\"]}]},{\"@type\":\"BreadcrumbList\",\"@id\":\"https:\/\/tv.paythunder.com\/#breadcrumb\",\"itemListElement\":[{\"@type\":\"ListItem\",\"position\":1,\"name\":\"Portada\",\"item\":\"https:\/\/tv.paythunder.com\/\"},{\"@type\":\"ListItem\",\"position\":2,\"name\":\"Inicio\"}]}]}<\/script>\n<!-- \/ Yoast SEO plugin. -->","yoast_head_json":{"title":"Inicio - PayThunder TV","robots":{"index":"index","follow":"follow","max-snippet":"max-snippet:-1","max-image-preview":"max-image-preview:large","max-video-preview":"max-video-preview:-1"},"canonical":"https:\/\/tv.paythunder.com\/","og_locale":"es_ES","og_type":"article","og_title":"Inicio - PayThunder TV","og_description":"Configura y publica Conoce el estado de una pantalla remota en cualquier momento y actualiza el contenido que se muestra en tiempo real. Facilitamos las tareas de supervisi\u00f3n y control de todo el sistema. PayThunder TV ofrece distintas posibilidades de configuraci\u00f3n de pantallas y dispositivos. Nos adaptamos a tus necesidades. Bajo coste T\u00fa eliges cu\u00e1nto&hellip; Read more","og_url":"https:\/\/tv.paythunder.com\/","og_site_name":"PayThunder TV","article_modified_time":"2022-07-18T08:35:04+00:00","og_image":[{"url":"https:\/\/tv.paythunder.com\/wp-content\/uploads\/2022\/06\/03.png"}],"twitter_card":"summary_large_image","twitter_misc":{"Tiempo de lectura":"3 minutos"},"schema":{"@context":"https:\/\/schema.org","@graph":[{"@type":"WebSite","@id":"https:\/\/tv.paythunder.com\/#website","url":"https:\/\/tv.paythunder.com\/","name":"PayThunder TV","description":"Carteler\u00eda digital 24\/7","potentialAction":[{"@type":"SearchAction","target":{"@type":"EntryPoint","urlTemplate":"https:\/\/tv.paythunder.com\/?s={search_term_string}"},"query-input":"required name=search_term_string"}],"inLanguage":"es"},{"@type":"ImageObject","inLanguage":"es","@id":"https:\/\/tv.paythunder.com\/#primaryimage","url":"https:\/\/tv.paythunder.com\/wp-content\/uploads\/2022\/06\/03.png","contentUrl":"https:\/\/tv.paythunder.com\/wp-content\/uploads\/2022\/06\/03.png","width":165,"height":143},{"@type":"WebPage","@id":"https:\/\/tv.paythunder.com\/#webpage","url":"https:\/\/tv.paythunder.com\/","name":"Inicio - PayThunder TV","isPartOf":{"@id":"https:\/\/tv.paythunder.com\/#website"},"primaryImageOfPage":{"@id":"https:\/\/tv.paythunder.com\/#primaryimage"},"datePublished":"2022-05-31T09:35:24+00:00","dateModified":"2022-07-18T08:35:04+00:00","breadcrumb":{"@id":"https:\/\/tv.paythunder.com\/#breadcrumb"},"inLanguage":"es","potentialAction":[{"@type":"ReadAction","target":["https:\/\/tv.paythunder.com\/"]}]},{"@type":"BreadcrumbList","@id":"https:\/\/tv.paythunder.com\/#breadcrumb","itemListElement":[{"@type":"ListItem","position":1,"name":"Portada","item":"https:\/\/tv.paythunder.com\/"},{"@type":"ListItem","position":2,"name":"Inicio"}]}]}},"_links":{"self":[{"href":"https:\/\/tv.paythunder.com\/index.php\/wp-json\/wp\/v2\/pages\/2","targetHints":{"allow":["GET"]}}],"collection":[{"href":"https:\/\/tv.paythunder.com\/index.php\/wp-json\/wp\/v2\/pages"}],"about":[{"href":"https:\/\/tv.paythunder.com\/index.php\/wp-json\/wp\/v2\/types\/page"}],"author":[{"embeddable":true,"href":"https:\/\/tv.paythunder.com\/index.php\/wp-json\/wp\/v2\/users\/1"}],"replies":[{"embeddable":true,"href":"https:\/\/tv.paythunder.com\/index.php\/wp-json\/wp\/v2\/comments?post=2"}],"version-history":[{"count":45,"href":"https:\/\/tv.paythunder.com\/index.php\/wp-json\/wp\/v2\/pages\/2\/revisions"}],"predecessor-version":[{"id":153,"href":"https:\/\/tv.paythunder.com\/index.php\/wp-json\/wp\/v2\/pages\/2\/revisions\/153"}],"wp:attachment":[{"href":"https:\/\/tv.paythunder.com\/index.php\/wp-json\/wp\/v2\/media?parent=2"}],"curies":[{"name":"wp","href":"https:\/\/api.w.org\/{rel}","templated":true}]}}